{"id":3145,"date":"2023-01-29T17:06:50","date_gmt":"2023-01-29T17:06:50","guid":{"rendered":"https:\/\/www.hollandsglorie.net\/tbl\/?page_id=3145"},"modified":"2026-01-06T23:56:16","modified_gmt":"2026-01-06T23:56:16","slug":"werkwijze","status":"publish","type":"page","link":"https:\/\/tokobamboe-lunch.nl\/?page_id=3145","title":{"rendered":"Werkwijze"},"content":{"rendered":"\t\t<div data-elementor-type=\"wp-page\" data-elementor-id=\"3145\" class=\"elementor elementor-3145\" data-elementor-post-type=\"page\">\n\t\t\t\t\t\t\t\t\t<section class=\"elementor-section elementor-top-section elementor-element elementor-element-04c689b elementor-section-boxed elementor-section-height-default elementor-section-height-default\" data-id=\"04c689b\" data-element_type=\"section\" data-settings=\"{&quot;shape_divider_top&quot;:&quot;waves&quot;,&quot;background_background&quot;:&quot;classic&quot;}\">\n\t\t\t\t\t<div class=\"elementor-shape elementor-shape-top\" data-negative=\"false\">\n\t\t\t<svg xmlns=\"http:\/\/www.w3.org\/2000\/svg\" viewBox=\"0 0 1000 100\" preserveAspectRatio=\"none\">\n\t<path class=\"elementor-shape-fill\" d=\"M421.9,6.5c22.6-2.5,51.5,0.4,75.5,5.3c23.6,4.9,70.9,23.5,100.5,35.7c75.8,32.2,133.7,44.5,192.6,49.7\n\tc23.6,2.1,48.7,3.5,103.4-2.5c54.7-6,106.2-25.6,106.2-25.6V0H0v30.3c0,0,72,32.6,158.4,30.5c39.2-0.7,92.8-6.7,134-22.4\n\tc21.2-8.1,52.2-18.2,79.7-24.2C399.3,7.9,411.6,7.5,421.9,6.5z\"\/>\n<\/svg>\t\t<\/div>\n\t\t\t\t\t<div class=\"elementor-container elementor-column-gap-default\">\n\t\t\t\t\t<div class=\"elementor-column elementor-col-100 elementor-top-column elementor-element elementor-element-d3ad851\" data-id=\"d3ad851\" data-element_type=\"column\">\n\t\t\t<div class=\"elementor-widget-wrap elementor-element-populated\">\n\t\t\t\t\t\t\t\t<div class=\"elementor-element elementor-element-d251652 animated-slow elementor-invisible elementor-widget elementor-widget-heading\" data-id=\"d251652\" data-element_type=\"widget\" data-settings=\"{&quot;_animation&quot;:&quot;fadeInUp&quot;}\" data-widget_type=\"heading.default\">\n\t\t\t\t<div class=\"elementor-widget-container\">\n\t\t\t<style>\/*! elementor - v3.17.0 - 08-11-2023 *\/\n.elementor-heading-title{padding:0;margin:0;line-height:1}.elementor-widget-heading .elementor-heading-title[class*=elementor-size-]>a{color:inherit;font-size:inherit;line-height:inherit}.elementor-widget-heading .elementor-heading-title.elementor-size-small{font-size:15px}.elementor-widget-heading .elementor-heading-title.elementor-size-medium{font-size:19px}.elementor-widget-heading .elementor-heading-title.elementor-size-large{font-size:29px}.elementor-widget-heading .elementor-heading-title.elementor-size-xl{font-size:39px}.elementor-widget-heading .elementor-heading-title.elementor-size-xxl{font-size:59px}<\/style><h2 class=\"elementor-heading-title elementor-size-default\">Elke lunch een ervaring, geen routine<\/h2>\t\t<\/div>\n\t\t\t\t<\/div>\n\t\t\t\t<div class=\"elementor-element elementor-element-b44cc1e elementor-invisible elementor-widget elementor-widget-text-editor\" data-id=\"b44cc1e\" data-element_type=\"widget\" data-settings=\"{&quot;_animation&quot;:&quot;fadeInUp&quot;}\" data-widget_type=\"text-editor.default\">\n\t\t\t\t<div class=\"elementor-widget-container\">\n\t\t\t<style>\/*! elementor - v3.17.0 - 08-11-2023 *\/\n.elementor-widget-text-editor.elementor-drop-cap-view-stacked .elementor-drop-cap{background-color:#69727d;color:#fff}.elementor-widget-text-editor.elementor-drop-cap-view-framed .elementor-drop-cap{color:#69727d;border:3px solid;background-color:transparent}.elementor-widget-text-editor:not(.elementor-drop-cap-view-default) .elementor-drop-cap{margin-top:8px}.elementor-widget-text-editor:not(.elementor-drop-cap-view-default) .elementor-drop-cap-letter{width:1em;height:1em}.elementor-widget-text-editor .elementor-drop-cap{float:left;text-align:center;line-height:1;font-size:50px}.elementor-widget-text-editor .elementor-drop-cap-letter{display:inline-block}<\/style>\t\t\t\t\t\t\t\t\t\t<\/div>\n\t\t\t\t<\/div>\n\t\t\t\t\t<\/div>\n\t\t<\/div>\n\t\t\t\t\t\t\t<\/div>\n\t\t<\/section>\n\t\t\t\t<section class=\"elementor-section elementor-top-section elementor-element elementor-element-e2d8995 elementor-section-boxed elementor-section-height-default elementor-section-height-default\" data-id=\"e2d8995\" data-element_type=\"section\" data-settings=\"{&quot;background_background&quot;:&quot;classic&quot;}\">\n\t\t\t\t\t\t<div class=\"elementor-container elementor-column-gap-default\">\n\t\t\t\t\t<div class=\"elementor-column elementor-col-100 elementor-top-column elementor-element elementor-element-1679df7\" data-id=\"1679df7\" data-element_type=\"column\">\n\t\t\t<div class=\"elementor-widget-wrap elementor-element-populated\">\n\t\t\t\t\t\t\t\t<div class=\"elementor-element elementor-element-7bb9c71 animated-slow elementor-invisible elementor-widget elementor-widget-text-editor\" data-id=\"7bb9c71\" data-element_type=\"widget\" data-settings=\"{&quot;_animation&quot;:&quot;fadeInUp&quot;}\" data-widget_type=\"text-editor.default\">\n\t\t\t\t<div class=\"elementor-widget-container\">\n\t\t\t\t\t\t\t<div dir=\"auto\">\n<p>Wij werken met een wekelijks wisselend, vaststaand menu, zorgvuldig samengesteld door onze keuken.<\/p>\n<p>Stap 1:&nbsp; &nbsp; Selecteer uw basis<\/p>\n<p>witte rijst, gebakken bami of gebakken rijst.<\/p>\n<p>Stap 2:&nbsp; Kies uw lunchbox<\/p>\n<p>Vlees\/kip<\/p>\n<p>Omvat \u00e9\u00e9n vlees- (rund of kip) en \u00e9\u00e9n groentesoort en ei.<\/p>\n<p>of&nbsp;<\/p><p>Vegetarische lunchbox<\/p>\n<p>Omvat twee groentesoorten en ei.<\/p>\n<p><\/p>\n<\/div>\n<p><span style=\"vertical-align: inherit;\"><span style=\"vertical-align: inherit;\"><span style=\"vertical-align: inherit;\"><span style=\"vertical-align: inherit;\">&nbsp;<\/span><\/span><\/span><\/span><\/p>\n<p style=\"text-align: center;\">Bij ons draait het niet om broodjes met standaard beleg.<\/p>\n<p>Wij serveren elke week een lunchmenu dat met zorg is samengesteld, altijd vers en gevarieerd.<\/p>\n<p style=\"text-align: center;\">Uw team kan kiezen uit smaakvolle vegetarische creaties \u00f3f gerechten met kip of vlees.<\/p>\n<p style=\"text-align: center;\">Wij geloven dat een goede bedrijfslunch meer is dan eten alleen. Het is een<br>moment van verbinding, energie en inspiratie. Precies wat een werkdag nodig heeft.<\/p>\n<p style=\"text-align: center;\">Laat uw medewerkers uitkijken naar de lunchpauze.<\/p>\n<p style=\"text-align: center;\"><strong><span style=\"font-size: 20.0pt; font-family: 'Calibri','sans-serif'; mso-ascii-theme-font: minor-latin; mso-fareast-font-family: 'Times New Roman'; mso-fareast-theme-font: major-fareast; mso-hansi-theme-font: minor-latin; mso-bidi-font-family: 'Times New Roman'; mso-bidi-theme-font: minor-bidi; mso-ansi-language: NL; mso-fareast-language: EN-US; mso-bidi-language: AR-SA;\">Geen standaard catering, maar een culinaire ervaring op kantoor.<\/span><\/strong><\/p>\t\t\t\t\t\t<\/div>\n\t\t\t\t<\/div>\n\t\t\t\t\t<\/div>\n\t\t<\/div>\n\t\t\t\t\t\t\t<\/div>\n\t\t<\/section>\n\t\t\t\t<section class=\"elementor-section elementor-top-section elementor-element elementor-element-ba4aaaa elementor-hidden-mobile elementor-section-boxed elementor-section-height-default elementor-section-height-default\" data-id=\"ba4aaaa\" data-element_type=\"section\" data-settings=\"{&quot;background_background&quot;:&quot;classic&quot;,&quot;shape_divider_top&quot;:&quot;tilt&quot;}\">\n\t\t\t\t\t<div class=\"elementor-shape elementor-shape-top\" data-negative=\"false\">\n\t\t\t<svg xmlns=\"http:\/\/www.w3.org\/2000\/svg\" viewBox=\"0 0 1000 100\" preserveAspectRatio=\"none\">\n\t<path class=\"elementor-shape-fill\" d=\"M0,6V0h1000v100L0,6z\"\/>\n<\/svg>\t\t<\/div>\n\t\t\t\t\t<div class=\"elementor-container elementor-column-gap-default\">\n\t\t\t\t\t<div class=\"elementor-column elementor-col-100 elementor-top-column elementor-element elementor-element-66ed949 animated-slow elementor-invisible\" data-id=\"66ed949\" data-element_type=\"column\" data-settings=\"{&quot;background_background&quot;:&quot;gradient&quot;,&quot;animation&quot;:&quot;fadeInUp&quot;}\">\n\t\t\t<div class=\"elementor-widget-wrap elementor-element-populated\">\n\t\t\t\t\t\t\t\t<section class=\"elementor-section elementor-inner-section elementor-element elementor-element-0711cdb elementor-section-boxed elementor-section-height-default elementor-section-height-default\" data-id=\"0711cdb\" data-element_type=\"section\">\n\t\t\t\t\t\t<div class=\"elementor-container elementor-column-gap-default\">\n\t\t\t\t\t<div class=\"elementor-column elementor-col-100 elementor-inner-column elementor-element elementor-element-ee84eb1\" data-id=\"ee84eb1\" data-element_type=\"column\">\n\t\t\t<div class=\"elementor-widget-wrap elementor-element-populated\">\n\t\t\t\t\t\t\t\t<div class=\"elementor-element elementor-element-fb98996 elementor-invisible elementor-widget elementor-widget-image\" data-id=\"fb98996\" data-element_type=\"widget\" data-settings=\"{&quot;_animation&quot;:&quot;fadeInRight&quot;}\" data-widget_type=\"image.default\">\n\t\t\t\t<div class=\"elementor-widget-container\">\n\t\t\t<style>\/*! elementor - v3.17.0 - 08-11-2023 *\/\n.elementor-widget-image{text-align:center}.elementor-widget-image a{display:inline-block}.elementor-widget-image a img[src$=\".svg\"]{width:48px}.elementor-widget-image img{vertical-align:middle;display:inline-block}<\/style>\t\t\t\t\t\t\t\t\t\t\t\t<img decoding=\"async\" src=\"https:\/\/tokobamboe-lunch.nl\/wp-content\/uploads\/2022\/11\/1050584228-scaled.jpg\" title=\"\" alt=\"\" loading=\"lazy\" \/>\t\t\t\t\t\t\t\t\t\t\t\t\t\t\t<\/div>\n\t\t\t\t<\/div>\n\t\t\t\t<div class=\"elementor-element elementor-element-e5e2461 elementor-widget elementor-widget-text-editor\" data-id=\"e5e2461\" data-element_type=\"widget\" data-widget_type=\"text-editor.default\">\n\t\t\t\t<div class=\"elementor-widget-container\">\n\t\t\t\t\t\t\t<p>Regelmatig hebben we ook een \u2018special\u2019 op het menu staan die we op onze site aankondigen. Dan bieden we speciale gerechten aan voor de lunch die niet op het gebruikelijke menu staan.<\/p>\t\t\t\t\t\t<\/div>\n\t\t\t\t<\/div>\n\t\t\t\t\t<\/div>\n\t\t<\/div>\n\t\t\t\t\t\t\t<\/div>\n\t\t<\/section>\n\t\t\t\t\t<\/div>\n\t\t<\/div>\n\t\t\t\t\t\t\t<\/div>\n\t\t<\/section>\n\t\t\t\t<section class=\"elementor-section elementor-top-section elementor-element elementor-element-a0eb2f0 elementor-hidden-desktop elementor-hidden-tablet elementor-section-boxed elementor-section-height-default elementor-section-height-default elementor-invisible\" data-id=\"a0eb2f0\" data-element_type=\"section\" data-settings=\"{&quot;background_background&quot;:&quot;classic&quot;,&quot;shape_divider_top&quot;:&quot;tilt&quot;,&quot;animation&quot;:&quot;fadeInUp&quot;}\">\n\t\t\t\t\t<div class=\"elementor-shape elementor-shape-top\" data-negative=\"false\">\n\t\t\t<svg xmlns=\"http:\/\/www.w3.org\/2000\/svg\" viewBox=\"0 0 1000 100\" preserveAspectRatio=\"none\">\n\t<path class=\"elementor-shape-fill\" d=\"M0,6V0h1000v100L0,6z\"\/>\n<\/svg>\t\t<\/div>\n\t\t\t\t\t<div class=\"elementor-container elementor-column-gap-default\">\n\t\t\t\t\t<div class=\"elementor-column elementor-col-50 elementor-top-column elementor-element elementor-element-5c33ea1\" data-id=\"5c33ea1\" data-element_type=\"column\" data-settings=\"{&quot;background_background&quot;:&quot;gradient&quot;}\">\n\t\t\t<div class=\"elementor-widget-wrap elementor-element-populated\">\n\t\t\t\t\t\t\t\t<section class=\"elementor-section elementor-inner-section elementor-element elementor-element-ea2b5c2 elementor-section-boxed elementor-section-height-default elementor-section-height-default\" data-id=\"ea2b5c2\" data-element_type=\"section\">\n\t\t\t\t\t\t<div class=\"elementor-container elementor-column-gap-default\">\n\t\t\t\t\t<div class=\"elementor-column elementor-col-50 elementor-inner-column elementor-element elementor-element-f775908\" data-id=\"f775908\" data-element_type=\"column\">\n\t\t\t<div class=\"elementor-widget-wrap elementor-element-populated\">\n\t\t\t\t\t\t\t\t<div class=\"elementor-element elementor-element-dbea258 elementor-widget elementor-widget-image\" data-id=\"dbea258\" data-element_type=\"widget\" data-widget_type=\"image.default\">\n\t\t\t\t<div class=\"elementor-widget-container\">\n\t\t\t\t\t\t\t\t\t\t\t\t\t\t\t<img decoding=\"async\" src=\"https:\/\/tokobamboe-lunch.nl\/wp-content\/uploads\/2022\/11\/1050584228-scaled.jpg\" title=\"\" alt=\"\" loading=\"lazy\" \/>\t\t\t\t\t\t\t\t\t\t\t\t\t\t\t<\/div>\n\t\t\t\t<\/div>\n\t\t\t\t<div class=\"elementor-element elementor-element-008be05 elementor-widget elementor-widget-text-editor\" data-id=\"008be05\" data-element_type=\"widget\" data-widget_type=\"text-editor.default\">\n\t\t\t\t<div class=\"elementor-widget-container\">\n\t\t\t\t\t\t\t<p>Regelmatig hebben we ook een \u2018special\u2019 op het menu staan die we op onze site aankondigen. Dan bieden we speciale gerechten aan voor de lunch die niet op het gebruikelijke menu staan.<\/p>\t\t\t\t\t\t<\/div>\n\t\t\t\t<\/div>\n\t\t\t\t\t<\/div>\n\t\t<\/div>\n\t\t\t\t<div class=\"elementor-column elementor-col-50 elementor-inner-column elementor-element elementor-element-15e4a99\" data-id=\"15e4a99\" data-element_type=\"column\">\n\t\t\t<div class=\"elementor-widget-wrap\">\n\t\t\t\t\t\t\t\t\t<\/div>\n\t\t<\/div>\n\t\t\t\t\t\t\t<\/div>\n\t\t<\/section>\n\t\t\t\t\t<\/div>\n\t\t<\/div>\n\t\t\t\t<div class=\"elementor-column elementor-col-50 elementor-top-column elementor-element elementor-element-a306c96 elementor-hidden-phone\" data-id=\"a306c96\" data-element_type=\"column\">\n\t\t\t<div class=\"elementor-widget-wrap elementor-element-populated\">\n\t\t\t\t\t\t\t\t<div class=\"elementor-element elementor-element-0549c36 elementor-invisible elementor-widget elementor-widget-image\" data-id=\"0549c36\" data-element_type=\"widget\" data-settings=\"{&quot;_animation&quot;:&quot;fadeInRight&quot;}\" data-widget_type=\"image.default\">\n\t\t\t\t<div class=\"elementor-widget-container\">\n\t\t\t\t\t\t\t\t\t\t\t\t\t\t\t<img decoding=\"async\" src=\"https:\/\/tokobamboe-lunch.nl\/wp-content\/uploads\/2022\/11\/1050584228-scaled.jpg\" title=\"\" alt=\"\" loading=\"lazy\" \/>\t\t\t\t\t\t\t\t\t\t\t\t\t\t\t<\/div>\n\t\t\t\t<\/div>\n\t\t\t\t\t<\/div>\n\t\t<\/div>\n\t\t\t\t\t\t\t<\/div>\n\t\t<\/section>\n\t\t\t\t\t\t\t<\/div>\n\t\t","protected":false},"excerpt":{"rendered":"<p>Elke lunch een ervaring, geen routine Wij werken met een wekelijks wisselend, vaststaand menu, zorgvuldig samengesteld door onze keuken. Stap 1:&nbsp; &nbsp; Selecteer uw basis witte rijst, gebakken bami of gebakken rijst. Stap 2:&nbsp; Kies uw lunchbox Vlees\/kip Omvat \u00e9\u00e9n vlees- (rund of kip) en \u00e9\u00e9n groentesoort en ei. of&nbsp; Vegetarische lunchbox Omvat twee groentesoorten &hellip;<\/p>\n<p class=\"read-more\"> <a class=\"\" href=\"https:\/\/tokobamboe-lunch.nl\/?page_id=3145\"> <span class=\"screen-reader-text\">Werkwijze<\/span> Lees verder \u00bb<\/a><\/p>\n","protected":false},"author":1,"featured_media":0,"parent":0,"menu_order":0,"comment_status":"closed","ping_status":"closed","template":"elementor_header_footer","meta":{"_uag_custom_page_level_css":"","site-sidebar-layout":"no-sidebar","site-content-layout":"page-builder","ast-global-header-display":"","ast-main-header-display":"","ast-hfb-above-header-display":"","ast-hfb-below-header-display":"","ast-hfb-mobile-header-display":"","site-post-title":"disabled","ast-breadcrumbs-content":"","ast-featured-img":"disabled","footer-sml-layout":"","theme-transparent-header-meta":"","adv-header-id-meta":"","stick-header-meta":"","header-above-stick-meta":"","header-main-stick-meta":"","header-below-stick-meta":"","footnotes":""},"class_list":["post-3145","page","type-page","status-publish","hentry"],"yoast_head":"<!-- This site is optimized with the Yoast SEO plugin v21.5 - https:\/\/yoast.com\/wordpress\/plugins\/seo\/ -->\n<title>Werkwijze - Toko Bamboe Lunch<\/title>\n<meta name=\"description\" content=\"Lees meer over ons proces en onze aanpak om de beste bamboe lunchproducten te leveren voor een groenere toekomst.\" \/>\n<meta name=\"robots\" content=\"index, follow, max-snippet:-1, max-image-preview:large, max-video-preview:-1\" \/>\n<link rel=\"canonical\" href=\"https:\/\/tokobamboe-lunch.nl\/?page_id=3145\" \/>\n<meta property=\"og:locale\" content=\"nl_NL\" \/>\n<meta property=\"og:type\" content=\"article\" \/>\n<meta property=\"og:title\" content=\"Werkwijze - Toko Bamboe Lunch\" \/>\n<meta property=\"og:description\" content=\"Lees meer over ons proces en onze aanpak om de beste bamboe lunchproducten te leveren voor een groenere toekomst.\" \/>\n<meta property=\"og:url\" content=\"https:\/\/tokobamboe-lunch.nl\/?page_id=3145\" \/>\n<meta property=\"og:site_name\" content=\"Toko Bamboe Lunch\" \/>\n<meta property=\"article:modified_time\" content=\"2026-01-06T23:56:16+00:00\" \/>\n<meta property=\"og:image\" content=\"https:\/\/tokobamboe-lunch.nl\/wp-content\/uploads\/2022\/11\/1050584228-scaled.jpg\" \/>\n<meta name=\"twitter:card\" content=\"summary_large_image\" \/>\n<meta name=\"twitter:label1\" content=\"Geschatte leestijd\" \/>\n\t<meta name=\"twitter:data1\" content=\"2 minuten\" \/>\n<script type=\"application\/ld+json\" class=\"yoast-schema-graph\">{\"@context\":\"https:\/\/schema.org\",\"@graph\":[{\"@type\":\"WebPage\",\"@id\":\"https:\/\/tokobamboe-lunch.nl\/?page_id=3145\",\"url\":\"https:\/\/tokobamboe-lunch.nl\/?page_id=3145\",\"name\":\"Werkwijze - Toko Bamboe Lunch\",\"isPartOf\":{\"@id\":\"https:\/\/tokobamboe-lunch.nl\/#website\"},\"datePublished\":\"2023-01-29T17:06:50+00:00\",\"dateModified\":\"2026-01-06T23:56:16+00:00\",\"description\":\"Lees meer over ons proces en onze aanpak om de beste bamboe lunchproducten te leveren voor een groenere toekomst.\",\"breadcrumb\":{\"@id\":\"https:\/\/tokobamboe-lunch.nl\/?page_id=3145#breadcrumb\"},\"inLanguage\":\"nl-NL\",\"potentialAction\":[{\"@type\":\"ReadAction\",\"target\":[\"https:\/\/tokobamboe-lunch.nl\/?page_id=3145\"]}]},{\"@type\":\"BreadcrumbList\",\"@id\":\"https:\/\/tokobamboe-lunch.nl\/?page_id=3145#breadcrumb\",\"itemListElement\":[{\"@type\":\"ListItem\",\"position\":1,\"name\":\"Home\",\"item\":\"https:\/\/tokobamboe-lunch.nl\/\"},{\"@type\":\"ListItem\",\"position\":2,\"name\":\"Werkwijze\"}]},{\"@type\":\"WebSite\",\"@id\":\"https:\/\/tokobamboe-lunch.nl\/#website\",\"url\":\"https:\/\/tokobamboe-lunch.nl\/\",\"name\":\"Toko Bamboe Lunch\",\"description\":\"authentieke Indonesische lunches\",\"publisher\":{\"@id\":\"https:\/\/tokobamboe-lunch.nl\/#organization\"},\"potentialAction\":[{\"@type\":\"SearchAction\",\"target\":{\"@type\":\"EntryPoint\",\"urlTemplate\":\"https:\/\/tokobamboe-lunch.nl\/?s={search_term_string}\"},\"query-input\":\"required name=search_term_string\"}],\"inLanguage\":\"nl-NL\"},{\"@type\":\"Organization\",\"@id\":\"https:\/\/tokobamboe-lunch.nl\/#organization\",\"name\":\"Toko Bamboe Lunch\",\"url\":\"https:\/\/tokobamboe-lunch.nl\/\",\"logo\":{\"@type\":\"ImageObject\",\"inLanguage\":\"nl-NL\",\"@id\":\"https:\/\/tokobamboe-lunch.nl\/#\/schema\/logo\/image\/\",\"url\":\"https:\/\/tokobamboe-lunch.nl\/wp-content\/uploads\/2023\/02\/cropped-logo-removebg-preview.png\",\"contentUrl\":\"https:\/\/tokobamboe-lunch.nl\/wp-content\/uploads\/2023\/02\/cropped-logo-removebg-preview.png\",\"width\":411,\"height\":137,\"caption\":\"Toko Bamboe Lunch\"},\"image\":{\"@id\":\"https:\/\/tokobamboe-lunch.nl\/#\/schema\/logo\/image\/\"}}]}<\/script>\n<!-- \/ Yoast SEO plugin. -->","yoast_head_json":{"title":"Werkwijze - Toko Bamboe Lunch","description":"Lees meer over ons proces en onze aanpak om de beste bamboe lunchproducten te leveren voor een groenere toekomst.","robots":{"index":"index","follow":"follow","max-snippet":"max-snippet:-1","max-image-preview":"max-image-preview:large","max-video-preview":"max-video-preview:-1"},"canonical":"https:\/\/tokobamboe-lunch.nl\/?page_id=3145","og_locale":"nl_NL","og_type":"article","og_title":"Werkwijze - Toko Bamboe Lunch","og_description":"Lees meer over ons proces en onze aanpak om de beste bamboe lunchproducten te leveren voor een groenere toekomst.","og_url":"https:\/\/tokobamboe-lunch.nl\/?page_id=3145","og_site_name":"Toko Bamboe Lunch","article_modified_time":"2026-01-06T23:56:16+00:00","og_image":[{"url":"https:\/\/tokobamboe-lunch.nl\/wp-content\/uploads\/2022\/11\/1050584228-scaled.jpg"}],"twitter_card":"summary_large_image","twitter_misc":{"Geschatte leestijd":"2 minuten"},"schema":{"@context":"https:\/\/schema.org","@graph":[{"@type":"WebPage","@id":"https:\/\/tokobamboe-lunch.nl\/?page_id=3145","url":"https:\/\/tokobamboe-lunch.nl\/?page_id=3145","name":"Werkwijze - Toko Bamboe Lunch","isPartOf":{"@id":"https:\/\/tokobamboe-lunch.nl\/#website"},"datePublished":"2023-01-29T17:06:50+00:00","dateModified":"2026-01-06T23:56:16+00:00","description":"Lees meer over ons proces en onze aanpak om de beste bamboe lunchproducten te leveren voor een groenere toekomst.","breadcrumb":{"@id":"https:\/\/tokobamboe-lunch.nl\/?page_id=3145#breadcrumb"},"inLanguage":"nl-NL","potentialAction":[{"@type":"ReadAction","target":["https:\/\/tokobamboe-lunch.nl\/?page_id=3145"]}]},{"@type":"BreadcrumbList","@id":"https:\/\/tokobamboe-lunch.nl\/?page_id=3145#breadcrumb","itemListElement":[{"@type":"ListItem","position":1,"name":"Home","item":"https:\/\/tokobamboe-lunch.nl\/"},{"@type":"ListItem","position":2,"name":"Werkwijze"}]},{"@type":"WebSite","@id":"https:\/\/tokobamboe-lunch.nl\/#website","url":"https:\/\/tokobamboe-lunch.nl\/","name":"Toko Bamboe Lunch","description":"authentieke Indonesische lunches","publisher":{"@id":"https:\/\/tokobamboe-lunch.nl\/#organization"},"potentialAction":[{"@type":"SearchAction","target":{"@type":"EntryPoint","urlTemplate":"https:\/\/tokobamboe-lunch.nl\/?s={search_term_string}"},"query-input":"required name=search_term_string"}],"inLanguage":"nl-NL"},{"@type":"Organization","@id":"https:\/\/tokobamboe-lunch.nl\/#organization","name":"Toko Bamboe Lunch","url":"https:\/\/tokobamboe-lunch.nl\/","logo":{"@type":"ImageObject","inLanguage":"nl-NL","@id":"https:\/\/tokobamboe-lunch.nl\/#\/schema\/logo\/image\/","url":"https:\/\/tokobamboe-lunch.nl\/wp-content\/uploads\/2023\/02\/cropped-logo-removebg-preview.png","contentUrl":"https:\/\/tokobamboe-lunch.nl\/wp-content\/uploads\/2023\/02\/cropped-logo-removebg-preview.png","width":411,"height":137,"caption":"Toko Bamboe Lunch"},"image":{"@id":"https:\/\/tokobamboe-lunch.nl\/#\/schema\/logo\/image\/"}}]}},"uagb_featured_image_src":{"full":false,"thumbnail":false,"medium":false,"medium_large":false,"large":false,"1536x1536":false,"2048x2048":false,"woocommerce_thumbnail":false,"woocommerce_single":false,"woocommerce_gallery_thumbnail":false},"uagb_author_info":{"display_name":"Admin","author_link":"https:\/\/tokobamboe-lunch.nl\/?author=1"},"uagb_comment_info":0,"uagb_excerpt":"Elke lunch een ervaring, geen routine Wij werken met een wekelijks wisselend, vaststaand menu, zorgvuldig samengesteld door onze keuken. Stap 1:&nbsp; &nbsp; Selecteer uw basis witte rijst, gebakken bami of gebakken rijst. Stap 2:&nbsp; Kies uw lunchbox Vlees\/kip Omvat \u00e9\u00e9n vlees- (rund of kip) en \u00e9\u00e9n groentesoort en ei. of&nbsp; Vegetarische lunchbox Omvat twee groentesoorten&hellip;","_links":{"self":[{"href":"https:\/\/tokobamboe-lunch.nl\/index.php?rest_route=\/wp\/v2\/pages\/3145","targetHints":{"allow":["GET"]}}],"collection":[{"href":"https:\/\/tokobamboe-lunch.nl\/index.php?rest_route=\/wp\/v2\/pages"}],"about":[{"href":"https:\/\/tokobamboe-lunch.nl\/index.php?rest_route=\/wp\/v2\/types\/page"}],"author":[{"embeddable":true,"href":"https:\/\/tokobamboe-lunch.nl\/index.php?rest_route=\/wp\/v2\/users\/1"}],"replies":[{"embeddable":true,"href":"https:\/\/tokobamboe-lunch.nl\/index.php?rest_route=%2Fwp%2Fv2%2Fcomments&post=3145"}],"version-history":[{"count":13,"href":"https:\/\/tokobamboe-lunch.nl\/index.php?rest_route=\/wp\/v2\/pages\/3145\/revisions"}],"predecessor-version":[{"id":4246,"href":"https:\/\/tokobamboe-lunch.nl\/index.php?rest_route=\/wp\/v2\/pages\/3145\/revisions\/4246"}],"wp:attachment":[{"href":"https:\/\/tokobamboe-lunch.nl\/index.php?rest_route=%2Fwp%2Fv2%2Fmedia&parent=3145"}],"curies":[{"name":"wp","href":"https:\/\/api.w.org\/{rel}","templated":true}]}}